{"id":510,"date":"2020-06-29T14:35:56","date_gmt":"2020-06-29T12:35:56","guid":{"rendered":"https:\/\/imm-el.ns0.it\/wp_immel.it\/?page_id=510"},"modified":"2020-06-29T14:37:15","modified_gmt":"2020-06-29T12:37:15","slug":"arc-flash-hazard-analysis","status":"publish","type":"page","link":"https:\/\/imm-el.ns0.it\/wp_immel.it\/index.php\/arc-flash-hazard-analysis\/","title":{"rendered":"Arc-Flash Hazard Analysis"},"content":{"rendered":"\n<p>Specializzazione per Arc-Flash Hazard Analysis e Short Circuit Analysis. Studio e calcolo della pericolosit\u00e0 dell\u2019arco elettrico in riferimento alla Normativa IEEE 1584. Lo studio IMM-EL \u00e8 in grado di realizzare, per esperienze gi\u00e0 maturate in ambito Europeo, lo studio e il calcolo della pericolosit\u00e0 dell\u2019arco elettrico, al fine di determinare il livello adatto di DPI per ogni punto analizzato (quadri elettrici, condotti sbarre, prese, derivazioni,\u2026) delle linee elettriche di MT\/BT, di interi stabilimenti. FTP\/Web\/Cloud data storage<\/p>\n\n\n\n<figure class=\"wp-block-image\"><img src=\"https:\/\/imm-el.ns0.it\/wp_immel.it\/wp-content\/uploads\/2020\/06\/0-1-1024x881.jpg\" alt=\"Questa immagine ha l'attributo alt vuoto; il nome del file \u00e8 0-1-1024x881.jpg\"\/><\/figure>\n","protected":false},"excerpt":{"rendered":"<p>Specializzazione per Arc-Flash Hazard Analysis e Short Circuit Analysis. Studio e calcolo della pericolosit\u00e0 dell\u2019arco elettrico in riferimento alla Normativa IEEE 1584. Lo studio IMM-EL \u00e8 in grado di realizzare, per esperienze gi\u00e0 maturate in ambito Europeo, lo studio e il calcolo della pericolosit\u00e0 dell\u2019arco elettrico, al fine di determinare il livello adatto di DPI &hellip; <\/p>\n<p class=\"link-more\"><a href=\"https:\/\/imm-el.ns0.it\/wp_immel.it\/index.php\/arc-flash-hazard-analysis\/\" class=\"more-link\">Leggi tutto<span class=\"screen-reader-text\"> &#8220;Arc-Flash Hazard Analysis&#8221;<\/span><\/a><\/p>\n","protected":false},"author":2,"featured_media":0,"parent":0,"menu_order":0,"comment_status":"closed","ping_status":"closed","template":"","meta":[],"_links":{"self":[{"href":"https:\/\/imm-el.ns0.it\/wp_immel.it\/index.php\/wp-json\/wp\/v2\/pages\/510"}],"collection":[{"href":"https:\/\/imm-el.ns0.it\/wp_immel.it\/index.php\/wp-json\/wp\/v2\/pages"}],"about":[{"href":"https:\/\/imm-el.ns0.it\/wp_immel.it\/index.php\/wp-json\/wp\/v2\/types\/page"}],"author":[{"embeddable":true,"href":"https:\/\/imm-el.ns0.it\/wp_immel.it\/index.php\/wp-json\/wp\/v2\/users\/2"}],"replies":[{"embeddable":true,"href":"https:\/\/imm-el.ns0.it\/wp_immel.it\/index.php\/wp-json\/wp\/v2\/comments?post=510"}],"version-history":[{"count":4,"href":"https:\/\/imm-el.ns0.it\/wp_immel.it\/index.php\/wp-json\/wp\/v2\/pages\/510\/revisions"}],"predecessor-version":[{"id":516,"href":"https:\/\/imm-el.ns0.it\/wp_immel.it\/index.php\/wp-json\/wp\/v2\/pages\/510\/revisions\/516"}],"wp:attachment":[{"href":"https:\/\/imm-el.ns0.it\/wp_immel.it\/index.php\/wp-json\/wp\/v2\/media?parent=510"}],"curies":[{"name":"wp","href":"https:\/\/api.w.org\/{rel}","templated":true}]}}